{"id":19,"date":"2019-06-14T21:20:33","date_gmt":"2019-06-14T19:20:33","guid":{"rendered":"http:\/\/letourane.fr\/?page_id=19"},"modified":"2023-07-10T14:22:59","modified_gmt":"2023-07-10T12:22:59","slug":"accueil","status":"publish","type":"page","link":"https:\/\/letourane.fr\/","title":{"rendered":"Accueil"},"content":{"rendered":"\n<div class=\"wp-container-1 wp-block-group\"><div class=\"wp-block-group__inner-container\">\n<p class=\"has-text-align-center has-white-color has-vivid-cyan-blue-background-color has-text-color has-background has-x-large-font-size\"><mark style=\"background-color:#0693e3\" class=\"has-inline-color has-white-color\"><strong>LOCATION DE SALLES DE R\u00c9CEPTION<\/strong> en Seine et Marne<\/mark><\/p>\n<\/div><\/div>\n\n\n\n<p><\/p>\n\n\n\n<div class=\"wp-block-columns\">\n<div class=\"wp-block-column\" style=\"flex-basis:100%\">\n<div class=\"wp-container-2 wp-block-group\"><div class=\"wp-block-group__inner-container\">\n<div class=\"wp-block-image is-style-default\"><figure class=\"aligncenter size-large\"><img loading=\"lazy\" width=\"1024\" height=\"578\" src=\"http:\/\/letourane.fr\/wp-content\/uploads\/2023\/07\/TOURANE_LOGO2-1024x578.png\" alt=\"\" class=\"wp-image-1533\" srcset=\"https:\/\/letourane.fr\/wp-content\/uploads\/2023\/07\/TOURANE_LOGO2-1024x578.png 1024w, https:\/\/letourane.fr\/wp-content\/uploads\/2023\/07\/TOURANE_LOGO2-300x169.png 300w, https:\/\/letourane.fr\/wp-content\/uploads\/2023\/07\/TOURANE_LOGO2-768x433.png 768w, https:\/\/letourane.fr\/wp-content\/uploads\/2023\/07\/TOURANE_LOGO2-1536x866.png 1536w, https:\/\/letourane.fr\/wp-content\/uploads\/2023\/07\/TOURANE_LOGO2.png 2000w\" sizes=\"(max-width: 1024px) 100vw, 1024px\" \/><figcaption>Situ\u00e9 \u00e0 30 minutes de Paris et proche de Melun, Fontainebleau, Barbizon, dans un environnement verdoyant \u00e0 proximit\u00e9 de la base de loisirs de St Fargeau-Ponthierry, LE TOURANE et ses 3 salles parquet\u00e9es est un complexe moderne et accueillant d\u00e9di\u00e9 \u00e0 la location pour tous types d&rsquo;\u00e9v\u00e9nements :                                                                                            <\/figcaption><\/figure><\/div>\n\n\n\n<ul><li>PRIVES : mariages, bapt\u00eames, communions, f\u00eates familiales, d\u00e9parts \u00e0 la retraite, soir\u00e9es diverses<\/li><li>PROFESSIONNELS : r\u00e9unions de travail, s\u00e9minaires, expos\/ventes, vernissages, soir\u00e9es spectacles<\/li><\/ul>\n<\/div><\/div>\n<\/div>\n<\/div>\n\n\n\n<div class=\"wp-block-columns\">\n<div class=\"wp-block-column\" style=\"flex-basis:100%\">\n<div class=\"wp-container-3 wp-block-group\"><div class=\"wp-block-group__inner-container\">\n<div class=\"wp-block-image is-style-default\"><figure class=\"aligncenter size-large is-resized\"><img loading=\"lazy\" src=\"http:\/\/letourane.fr\/wp-content\/uploads\/2022\/10\/4PHOTOSTOURANEbis-1024x743.png\" alt=\"\" class=\"wp-image-1243\" width=\"1140\" height=\"827\" srcset=\"https:\/\/letourane.fr\/wp-content\/uploads\/2022\/10\/4PHOTOSTOURANEbis-1024x743.png 1024w, https:\/\/letourane.fr\/wp-content\/uploads\/2022\/10\/4PHOTOSTOURANEbis-300x218.png 300w, https:\/\/letourane.fr\/wp-content\/uploads\/2022\/10\/4PHOTOSTOURANEbis-768x557.png 768w, https:\/\/letourane.fr\/wp-content\/uploads\/2022\/10\/4PHOTOSTOURANEbis-1536x1115.png 1536w, https:\/\/letourane.fr\/wp-content\/uploads\/2022\/10\/4PHOTOSTOURANEbis.png 1874w\" sizes=\"(max-width: 1140px) 100vw, 1140px\" \/><\/figure><\/div>\n<\/div><\/div>\n<\/div>\n<\/div>\n\n\n\n<div class=\"wp-block-columns\">\n<div class=\"wp-block-column\" style=\"flex-basis:100%\">\n<div class=\"wp-block-image is-style-default\"><figure class=\"aligncenter size-full\"><img loading=\"lazy\" width=\"640\" height=\"478\" src=\"http:\/\/letourane.fr\/wp-content\/uploads\/2022\/10\/HALL.jpg\" alt=\"\" class=\"wp-image-1239\" srcset=\"https:\/\/letourane.fr\/wp-content\/uploads\/2022\/10\/HALL.jpg 640w, https:\/\/letourane.fr\/wp-content\/uploads\/2022\/10\/HALL-300x224.jpg 300w\" sizes=\"(max-width: 640px) 100vw, 640px\" \/><\/figure><\/div>\n<\/div>\n<\/div>\n\n\n\n<p><\/p>\n\n\n\n<p><\/p>\n\n\n\n<p class=\"has-text-align-center has-luminous-vivid-amber-color has-text-color has-background\" style=\"background-color:#5490ea;font-size:29px\">\ud83d\udd39  <b><mark style=\"background-color:rgba(0, 0, 0, 0)\" class=\"has-inline-color has-white-color\">Parking priv\u00e9 de 60 plac<\/mark><\/b><strong><mark style=\"background-color:rgba(0, 0, 0, 0)\" class=\"has-inline-color has-white-color\">es avec possibilit\u00e9 de se garer \u00e0 l&rsquo;ext\u00e9rieur<\/mark><\/strong><b><mark style=\"background-color:rgba(0, 0, 0, 0)\" class=\"has-inline-color has-white-color\"> et grand hall d&rsquo;entr\u00e9e de 100 m\u00b2 pour vous accueillir<\/mark><\/b>  \ud83d\udd39<\/p>\n","protected":false},"excerpt":{"rendered":"<p>LOCATION DE SALLES DE R\u00c9CEPTION en Seine et Marne PRIVES : mariages, bapt\u00eames, communions, f\u00eates familiales, d\u00e9parts \u00e0 la retraite, soir\u00e9es diverses PROFESSIONNELS : r\u00e9unions de travail, s\u00e9minaires, expos\/ventes, vernissages, soir\u00e9es spectacles \ud83d\udd39 Parking priv\u00e9 de 60 places avec possibilit\u00e9 de se garer \u00e0 l&rsquo;ext\u00e9rieur et grand hall d&rsquo;entr\u00e9e de 100 m\u00b2 pour vous accueillir &#8230; <a title=\"Accueil\" class=\"read-more\" href=\"https:\/\/letourane.fr\/\">Read more<\/a><\/p>\n","protected":false},"author":1,"featured_media":0,"parent":0,"menu_order":0,"comment_status":"closed","ping_status":"closed","template":"","meta":[],"yoast_head":"<!-- This site is optimized with the Yoast SEO plugin v19.2 - https:\/\/yoast.com\/wordpress\/plugins\/seo\/ -->\n<title>Location de salles - soir\u00e9es danse, mariages, s\u00e9minaires, anniversaires...<\/title>\n<meta name=\"description\" content=\"Situ\u00e9 \u00e0 Pringy, \u00e0 30min de Paris, Le Tourane propose 3 \u00e0 4 salles r\u00e9serv\u00e9es \u00e0 la location pour soir\u00e9es danse, mariages, s\u00e9minaires, anniversaires...\" \/>\n<meta name=\"robots\" content=\"index, nofollow, max-snippet:-1, max-image-preview:large, max-video-preview:-1\" \/>\n<link rel=\"canonical\" href=\"https:\/\/letourane.fr\/\" \/>\n<meta property=\"og:locale\" content=\"fr_FR\" \/>\n<meta property=\"og:type\" content=\"article\" \/>\n<meta property=\"og:title\" content=\"Location de salles - soir\u00e9es danse, mariages, s\u00e9minaires, anniversaires...\" \/>\n<meta property=\"og:description\" content=\"Situ\u00e9 \u00e0 Pringy, \u00e0 30min de Paris, Le Tourane propose 3 \u00e0 4 salles r\u00e9serv\u00e9es \u00e0 la location pour soir\u00e9es danse, mariages, s\u00e9minaires, anniversaires...\" \/>\n<meta property=\"og:url\" content=\"https:\/\/letourane.fr\/\" \/>\n<meta property=\"og:site_name\" content=\"Le Tourane\" \/>\n<meta property=\"article:publisher\" content=\"https:\/\/www.facebook.com\/pages\/category\/Party-Entertainment-Service\/Le-Tourane-714852428897495\/\" \/>\n<meta property=\"article:modified_time\" content=\"2023-07-10T12:22:59+00:00\" \/>\n<meta property=\"og:image\" content=\"http:\/\/letourane.fr\/wp-content\/uploads\/2023\/07\/TOURANE_LOGO2-1024x578.png\" \/>\n<meta name=\"author\" content=\"MIM\" \/>\n<meta name=\"twitter:card\" content=\"summary_large_image\" \/>\n<meta name=\"twitter:label1\" content=\"Dur\u00e9e de lecture estim\u00e9e\" \/>\n\t<meta name=\"twitter:data1\" content=\"2 minutes\" \/>\n<script type=\"application\/ld+json\" class=\"yoast-schema-graph\">{\"@context\":\"https:\/\/schema.org\",\"@graph\":[{\"@type\":\"Organization\",\"@id\":\"https:\/\/letourane.fr\/#organization\",\"name\":\"Le Tourane\",\"url\":\"https:\/\/letourane.fr\/\",\"sameAs\":[\"https:\/\/www.facebook.com\/pages\/category\/Party-Entertainment-Service\/Le-Tourane-714852428897495\/\"],\"logo\":{\"@type\":\"ImageObject\",\"inLanguage\":\"fr-FR\",\"@id\":\"https:\/\/letourane.fr\/#\/schema\/logo\/image\/\",\"url\":\"http:\/\/letourane.fr\/wp-content\/uploads\/2019\/06\/Batiment-e1561148972313.jpg\",\"contentUrl\":\"http:\/\/letourane.fr\/wp-content\/uploads\/2019\/06\/Batiment-e1561148972313.jpg\",\"width\":640,\"height\":316,\"caption\":\"Le Tourane\"},\"image\":{\"@id\":\"https:\/\/letourane.fr\/#\/schema\/logo\/image\/\"}},{\"@type\":\"WebSite\",\"@id\":\"https:\/\/letourane.fr\/#website\",\"url\":\"https:\/\/letourane.fr\/\",\"name\":\"Le Tourane\",\"description\":\"Un espace d\u00e9di\u00e9 \u00e0 la location de salle\",\"publisher\":{\"@id\":\"https:\/\/letourane.fr\/#organization\"},\"potentialAction\":[{\"@type\":\"SearchAction\",\"target\":{\"@type\":\"EntryPoint\",\"urlTemplate\":\"https:\/\/letourane.fr\/?s={search_term_string}\"},\"query-input\":\"required name=search_term_string\"}],\"inLanguage\":\"fr-FR\"},{\"@type\":\"ImageObject\",\"inLanguage\":\"fr-FR\",\"@id\":\"https:\/\/letourane.fr\/#primaryimage\",\"url\":\"https:\/\/letourane.fr\/wp-content\/uploads\/2023\/07\/TOURANE_LOGO2.png\",\"contentUrl\":\"https:\/\/letourane.fr\/wp-content\/uploads\/2023\/07\/TOURANE_LOGO2.png\",\"width\":2000,\"height\":1128},{\"@type\":\"WebPage\",\"@id\":\"https:\/\/letourane.fr\/#webpage\",\"url\":\"https:\/\/letourane.fr\/\",\"name\":\"Location de salles - soir\u00e9es danse, mariages, s\u00e9minaires, anniversaires...\",\"isPartOf\":{\"@id\":\"https:\/\/letourane.fr\/#website\"},\"primaryImageOfPage\":{\"@id\":\"https:\/\/letourane.fr\/#primaryimage\"},\"datePublished\":\"2019-06-14T19:20:33+00:00\",\"dateModified\":\"2023-07-10T12:22:59+00:00\",\"description\":\"Situ\u00e9 \u00e0 Pringy, \u00e0 30min de Paris, Le Tourane propose 3 \u00e0 4 salles r\u00e9serv\u00e9es \u00e0 la location pour soir\u00e9es danse, mariages, s\u00e9minaires, anniversaires...\",\"breadcrumb\":{\"@id\":\"https:\/\/letourane.fr\/#breadcrumb\"},\"inLanguage\":\"fr-FR\",\"potentialAction\":[{\"@type\":\"ReadAction\",\"target\":[\"https:\/\/letourane.fr\/\"]}]},{\"@type\":\"BreadcrumbList\",\"@id\":\"https:\/\/letourane.fr\/#breadcrumb\",\"itemListElement\":[{\"@type\":\"ListItem\",\"position\":1,\"name\":\"Accueil\",\"item\":\"https:\/\/letourane.fr\/\"},{\"@type\":\"ListItem\",\"position\":2,\"name\":\"Accueil\"}]}]}<\/script>\n<!-- \/ Yoast SEO plugin. -->","yoast_head_json":{"title":"Location de salles - soir\u00e9es danse, mariages, s\u00e9minaires, anniversaires...","description":"Situ\u00e9 \u00e0 Pringy, \u00e0 30min de Paris, Le Tourane propose 3 \u00e0 4 salles r\u00e9serv\u00e9es \u00e0 la location pour soir\u00e9es danse, mariages, s\u00e9minaires, anniversaires...","robots":{"index":"index","follow":"nofollow","max-snippet":"max-snippet:-1","max-image-preview":"max-image-preview:large","max-video-preview":"max-video-preview:-1"},"canonical":"https:\/\/letourane.fr\/","og_locale":"fr_FR","og_type":"article","og_title":"Location de salles - soir\u00e9es danse, mariages, s\u00e9minaires, anniversaires...","og_description":"Situ\u00e9 \u00e0 Pringy, \u00e0 30min de Paris, Le Tourane propose 3 \u00e0 4 salles r\u00e9serv\u00e9es \u00e0 la location pour soir\u00e9es danse, mariages, s\u00e9minaires, anniversaires...","og_url":"https:\/\/letourane.fr\/","og_site_name":"Le Tourane","article_publisher":"https:\/\/www.facebook.com\/pages\/category\/Party-Entertainment-Service\/Le-Tourane-714852428897495\/","article_modified_time":"2023-07-10T12:22:59+00:00","og_image":[{"url":"http:\/\/letourane.fr\/wp-content\/uploads\/2023\/07\/TOURANE_LOGO2-1024x578.png"}],"author":"MIM","twitter_card":"summary_large_image","twitter_misc":{"Dur\u00e9e de lecture estim\u00e9e":"2 minutes"},"schema":{"@context":"https:\/\/schema.org","@graph":[{"@type":"Organization","@id":"https:\/\/letourane.fr\/#organization","name":"Le Tourane","url":"https:\/\/letourane.fr\/","sameAs":["https:\/\/www.facebook.com\/pages\/category\/Party-Entertainment-Service\/Le-Tourane-714852428897495\/"],"logo":{"@type":"ImageObject","inLanguage":"fr-FR","@id":"https:\/\/letourane.fr\/#\/schema\/logo\/image\/","url":"http:\/\/letourane.fr\/wp-content\/uploads\/2019\/06\/Batiment-e1561148972313.jpg","contentUrl":"http:\/\/letourane.fr\/wp-content\/uploads\/2019\/06\/Batiment-e1561148972313.jpg","width":640,"height":316,"caption":"Le Tourane"},"image":{"@id":"https:\/\/letourane.fr\/#\/schema\/logo\/image\/"}},{"@type":"WebSite","@id":"https:\/\/letourane.fr\/#website","url":"https:\/\/letourane.fr\/","name":"Le Tourane","description":"Un espace d\u00e9di\u00e9 \u00e0 la location de salle","publisher":{"@id":"https:\/\/letourane.fr\/#organization"},"potentialAction":[{"@type":"SearchAction","target":{"@type":"EntryPoint","urlTemplate":"https:\/\/letourane.fr\/?s={search_term_string}"},"query-input":"required name=search_term_string"}],"inLanguage":"fr-FR"},{"@type":"ImageObject","inLanguage":"fr-FR","@id":"https:\/\/letourane.fr\/#primaryimage","url":"https:\/\/letourane.fr\/wp-content\/uploads\/2023\/07\/TOURANE_LOGO2.png","contentUrl":"https:\/\/letourane.fr\/wp-content\/uploads\/2023\/07\/TOURANE_LOGO2.png","width":2000,"height":1128},{"@type":"WebPage","@id":"https:\/\/letourane.fr\/#webpage","url":"https:\/\/letourane.fr\/","name":"Location de salles - soir\u00e9es danse, mariages, s\u00e9minaires, anniversaires...","isPartOf":{"@id":"https:\/\/letourane.fr\/#website"},"primaryImageOfPage":{"@id":"https:\/\/letourane.fr\/#primaryimage"},"datePublished":"2019-06-14T19:20:33+00:00","dateModified":"2023-07-10T12:22:59+00:00","description":"Situ\u00e9 \u00e0 Pringy, \u00e0 30min de Paris, Le Tourane propose 3 \u00e0 4 salles r\u00e9serv\u00e9es \u00e0 la location pour soir\u00e9es danse, mariages, s\u00e9minaires, anniversaires...","breadcrumb":{"@id":"https:\/\/letourane.fr\/#breadcrumb"},"inLanguage":"fr-FR","potentialAction":[{"@type":"ReadAction","target":["https:\/\/letourane.fr\/"]}]},{"@type":"BreadcrumbList","@id":"https:\/\/letourane.fr\/#breadcrumb","itemListElement":[{"@type":"ListItem","position":1,"name":"Accueil","item":"https:\/\/letourane.fr\/"},{"@type":"ListItem","position":2,"name":"Accueil"}]}]}},"_links":{"self":[{"href":"https:\/\/letourane.fr\/index.php\/wp-json\/wp\/v2\/pages\/19"}],"collection":[{"href":"https:\/\/letourane.fr\/index.php\/wp-json\/wp\/v2\/pages"}],"about":[{"href":"https:\/\/letourane.fr\/index.php\/wp-json\/wp\/v2\/types\/page"}],"author":[{"embeddable":true,"href":"https:\/\/letourane.fr\/index.php\/wp-json\/wp\/v2\/users\/1"}],"replies":[{"embeddable":true,"href":"https:\/\/letourane.fr\/index.php\/wp-json\/wp\/v2\/comments?post=19"}],"version-history":[{"count":154,"href":"https:\/\/letourane.fr\/index.php\/wp-json\/wp\/v2\/pages\/19\/revisions"}],"predecessor-version":[{"id":1534,"href":"https:\/\/letourane.fr\/index.php\/wp-json\/wp\/v2\/pages\/19\/revisions\/1534"}],"wp:attachment":[{"href":"https:\/\/letourane.fr\/index.php\/wp-json\/wp\/v2\/media?parent=19"}],"curies":[{"name":"wp","href":"https:\/\/api.w.org\/{rel}","templated":true}]}}