{"id":12,"date":"2019-06-14T21:20:33","date_gmt":"2019-06-14T19:20:33","guid":{"rendered":"http:\/\/letourane.fr\/?page_id=12"},"modified":"2022-11-23T14:16:59","modified_gmt":"2022-11-23T13:16:59","slug":"acces","status":"publish","type":"page","link":"https:\/\/letourane.fr\/index.php\/acces\/","title":{"rendered":"Contact"},"content":{"rendered":"\n<p>Vous organisez un \u00e9v\u00e9nement personnel ou professionnel, vous souhaitez r\u00e9server ou vous avez une question ? Contactez-nous depuis notre formulaire ou par t\u00e9l\u00e9phone au 06.14.24.28.16. Nous vous r\u00e9pondrons dans les plus brefs d\u00e9lais.<\/p>\n\n\n<div class=\"wpforms-container wpforms-container-full\" id=\"wpforms-45\"><form id=\"wpforms-form-45\" class=\"wpforms-validate wpforms-form\" data-formid=\"45\" method=\"post\" enctype=\"multipart\/form-data\" action=\"\/index.php\/wp-json\/wp\/v2\/pages\/12\" data-token=\"ce5bc685254165dced96b7a9ec2981a6\"><noscript class=\"wpforms-error-noscript\">Veuillez activer JavaScript dans votre navigateur pour remplir ce formulaire.<\/noscript><div class=\"wpforms-field-container\"><div id=\"wpforms-45-field_0-container\" class=\"wpforms-field wpforms-field-name\" data-field-id=\"0\"><label class=\"wpforms-field-label\" for=\"wpforms-45-field_0\">Nom <span class=\"wpforms-required-label\">*<\/span><\/label><input type=\"text\" id=\"wpforms-45-field_0\" class=\"wpforms-field-medium wpforms-field-required\" name=\"wpforms[fields][0]\" required><\/div><div id=\"wpforms-45-field_5-container\" class=\"wpforms-field wpforms-field-name\" data-field-id=\"5\"><label class=\"wpforms-field-label\" for=\"wpforms-45-field_5\">Pr\u00e9nom <span class=\"wpforms-required-label\">*<\/span><\/label><input type=\"text\" id=\"wpforms-45-field_5\" class=\"wpforms-field-medium wpforms-field-required\" name=\"wpforms[fields][5]\" required><\/div><div id=\"wpforms-45-field_1-container\" class=\"wpforms-field wpforms-field-email\" data-field-id=\"1\"><label class=\"wpforms-field-label\" for=\"wpforms-45-field_1\">E-mail <span class=\"wpforms-required-label\">*<\/span><\/label><div class=\"wpforms-field-row wpforms-field-medium\"><div class=\"wpforms-field-row-block wpforms-one-half wpforms-first\"><input type=\"email\" id=\"wpforms-45-field_1\" class=\"wpforms-field-required wpforms-field-email-primary\" name=\"wpforms[fields][1][primary]\" spellcheck=\"false\" required><label for=\"wpforms-45-field_1\" class=\"wpforms-field-sublabel after \">E-mail<\/label><\/div><div class=\"wpforms-field-row-block wpforms-one-half\"><input type=\"email\" id=\"wpforms-45-field_1-secondary\" class=\"wpforms-field-email-secondary wpforms-field-required\" data-rule-confirm=\"#wpforms-45-field_1\" name=\"wpforms[fields][1][secondary]\" spellcheck=\"false\" required><label for=\"wpforms-45-field_1-secondary\" class=\"wpforms-field-sublabel after \">Confirmez l\u2019e-mail<\/label><\/div><\/div><\/div><div id=\"wpforms-45-field_2-container\" class=\"wpforms-field wpforms-field-textarea\" data-field-id=\"2\"><label class=\"wpforms-field-label\" for=\"wpforms-45-field_2\">Votre message <span class=\"wpforms-required-label\">*<\/span><\/label><textarea id=\"wpforms-45-field_2\" class=\"wpforms-field-medium wpforms-field-required\" name=\"wpforms[fields][2]\" required><\/textarea><\/div><\/div><!-- .wpforms-field-container --><div class=\"wpforms-field wpforms-field-hp\"><label for=\"wpforms-45-field-hp\" class=\"wpforms-field-label\">Phone<\/label><input type=\"text\" name=\"wpforms[hp]\" id=\"wpforms-45-field-hp\" class=\"wpforms-field-medium\"><\/div><div class=\"wpforms-submit-container\" ><input type=\"hidden\" name=\"wpforms[id]\" value=\"45\"><input type=\"hidden\" name=\"wpforms[author]\" value=\"1\"><button type=\"submit\" name=\"wpforms[submit]\" id=\"wpforms-submit-45\" class=\"wpforms-submit\" data-alt-text=\"Envoi...\" data-submit-text=\"Envoyer\" aria-live=\"assertive\" value=\"wpforms-submit\">Envoyer<\/button><\/div><\/form><\/div>  <!-- .wpforms-container -->\n\n\n\n<p><\/p>\n","protected":false},"excerpt":{"rendered":"<p>Vous organisez un \u00e9v\u00e9nement personnel ou professionnel, vous souhaitez r\u00e9server ou vous avez une question ? Contactez-nous depuis notre formulaire ou par t\u00e9l\u00e9phone au 06.14.24.28.16. Nous vous r\u00e9pondrons dans les plus brefs d\u00e9lais.<\/p>\n","protected":false},"author":1,"featured_media":0,"parent":0,"menu_order":0,"comment_status":"closed","ping_status":"closed","template":"","meta":[],"yoast_head":"<!-- This site is optimized with the Yoast SEO plugin v19.2 - https:\/\/yoast.com\/wordpress\/plugins\/seo\/ -->\n<title>Contact - Le Tourane<\/title>\n<meta name=\"robots\" content=\"index, follow, max-snippet:-1, max-image-preview:large, max-video-preview:-1\" \/>\n<link rel=\"canonical\" href=\"https:\/\/letourane.fr\/index.php\/acces\/\" \/>\n<meta property=\"og:locale\" content=\"fr_FR\" \/>\n<meta property=\"og:type\" content=\"article\" \/>\n<meta property=\"og:title\" content=\"Contact - Le Tourane\" \/>\n<meta property=\"og:description\" content=\"Vous organisez un \u00e9v\u00e9nement personnel ou professionnel, vous souhaitez r\u00e9server ou vous avez une question ? Contactez-nous depuis notre formulaire ou par t\u00e9l\u00e9phone au 06.14.24.28.16. Nous vous r\u00e9pondrons dans les plus brefs d\u00e9lais.\" \/>\n<meta property=\"og:url\" content=\"https:\/\/letourane.fr\/index.php\/acces\/\" \/>\n<meta property=\"og:site_name\" content=\"Le Tourane\" \/>\n<meta property=\"article:publisher\" content=\"https:\/\/www.facebook.com\/pages\/category\/Party-Entertainment-Service\/Le-Tourane-714852428897495\/\" \/>\n<meta property=\"article:modified_time\" content=\"2022-11-23T13:16:59+00:00\" \/>\n<meta name=\"author\" content=\"MIM\" \/>\n<meta name=\"twitter:card\" content=\"summary_large_image\" \/>\n<meta name=\"twitter:label1\" content=\"Dur\u00e9e de lecture estim\u00e9e\" \/>\n\t<meta name=\"twitter:data1\" content=\"1 minute\" \/>\n<script type=\"application\/ld+json\" class=\"yoast-schema-graph\">{\"@context\":\"https:\/\/schema.org\",\"@graph\":[{\"@type\":\"Organization\",\"@id\":\"https:\/\/letourane.fr\/#organization\",\"name\":\"Le Tourane\",\"url\":\"https:\/\/letourane.fr\/\",\"sameAs\":[\"https:\/\/www.facebook.com\/pages\/category\/Party-Entertainment-Service\/Le-Tourane-714852428897495\/\"],\"logo\":{\"@type\":\"ImageObject\",\"inLanguage\":\"fr-FR\",\"@id\":\"https:\/\/letourane.fr\/#\/schema\/logo\/image\/\",\"url\":\"http:\/\/letourane.fr\/wp-content\/uploads\/2019\/06\/Batiment-e1561148972313.jpg\",\"contentUrl\":\"http:\/\/letourane.fr\/wp-content\/uploads\/2019\/06\/Batiment-e1561148972313.jpg\",\"width\":640,\"height\":316,\"caption\":\"Le Tourane\"},\"image\":{\"@id\":\"https:\/\/letourane.fr\/#\/schema\/logo\/image\/\"}},{\"@type\":\"WebSite\",\"@id\":\"https:\/\/letourane.fr\/#website\",\"url\":\"https:\/\/letourane.fr\/\",\"name\":\"Le Tourane\",\"description\":\"Un espace d\u00e9di\u00e9 \u00e0 la location de salle\",\"publisher\":{\"@id\":\"https:\/\/letourane.fr\/#organization\"},\"potentialAction\":[{\"@type\":\"SearchAction\",\"target\":{\"@type\":\"EntryPoint\",\"urlTemplate\":\"https:\/\/letourane.fr\/?s={search_term_string}\"},\"query-input\":\"required name=search_term_string\"}],\"inLanguage\":\"fr-FR\"},{\"@type\":\"WebPage\",\"@id\":\"https:\/\/letourane.fr\/index.php\/acces\/#webpage\",\"url\":\"https:\/\/letourane.fr\/index.php\/acces\/\",\"name\":\"Contact - Le Tourane\",\"isPartOf\":{\"@id\":\"https:\/\/letourane.fr\/#website\"},\"datePublished\":\"2019-06-14T19:20:33+00:00\",\"dateModified\":\"2022-11-23T13:16:59+00:00\",\"breadcrumb\":{\"@id\":\"https:\/\/letourane.fr\/index.php\/acces\/#breadcrumb\"},\"inLanguage\":\"fr-FR\",\"potentialAction\":[{\"@type\":\"ReadAction\",\"target\":[\"https:\/\/letourane.fr\/index.php\/acces\/\"]}]},{\"@type\":\"BreadcrumbList\",\"@id\":\"https:\/\/letourane.fr\/index.php\/acces\/#breadcrumb\",\"itemListElement\":[{\"@type\":\"ListItem\",\"position\":1,\"name\":\"Accueil\",\"item\":\"https:\/\/letourane.fr\/\"},{\"@type\":\"ListItem\",\"position\":2,\"name\":\"Contact\"}]}]}<\/script>\n<!-- \/ Yoast SEO plugin. -->","yoast_head_json":{"title":"Contact - Le Tourane","robots":{"index":"index","follow":"follow","max-snippet":"max-snippet:-1","max-image-preview":"max-image-preview:large","max-video-preview":"max-video-preview:-1"},"canonical":"https:\/\/letourane.fr\/index.php\/acces\/","og_locale":"fr_FR","og_type":"article","og_title":"Contact - Le Tourane","og_description":"Vous organisez un \u00e9v\u00e9nement personnel ou professionnel, vous souhaitez r\u00e9server ou vous avez une question ? Contactez-nous depuis notre formulaire ou par t\u00e9l\u00e9phone au 06.14.24.28.16. Nous vous r\u00e9pondrons dans les plus brefs d\u00e9lais.","og_url":"https:\/\/letourane.fr\/index.php\/acces\/","og_site_name":"Le Tourane","article_publisher":"https:\/\/www.facebook.com\/pages\/category\/Party-Entertainment-Service\/Le-Tourane-714852428897495\/","article_modified_time":"2022-11-23T13:16:59+00:00","author":"MIM","twitter_card":"summary_large_image","twitter_misc":{"Dur\u00e9e de lecture estim\u00e9e":"1 minute"},"schema":{"@context":"https:\/\/schema.org","@graph":[{"@type":"Organization","@id":"https:\/\/letourane.fr\/#organization","name":"Le Tourane","url":"https:\/\/letourane.fr\/","sameAs":["https:\/\/www.facebook.com\/pages\/category\/Party-Entertainment-Service\/Le-Tourane-714852428897495\/"],"logo":{"@type":"ImageObject","inLanguage":"fr-FR","@id":"https:\/\/letourane.fr\/#\/schema\/logo\/image\/","url":"http:\/\/letourane.fr\/wp-content\/uploads\/2019\/06\/Batiment-e1561148972313.jpg","contentUrl":"http:\/\/letourane.fr\/wp-content\/uploads\/2019\/06\/Batiment-e1561148972313.jpg","width":640,"height":316,"caption":"Le Tourane"},"image":{"@id":"https:\/\/letourane.fr\/#\/schema\/logo\/image\/"}},{"@type":"WebSite","@id":"https:\/\/letourane.fr\/#website","url":"https:\/\/letourane.fr\/","name":"Le Tourane","description":"Un espace d\u00e9di\u00e9 \u00e0 la location de salle","publisher":{"@id":"https:\/\/letourane.fr\/#organization"},"potentialAction":[{"@type":"SearchAction","target":{"@type":"EntryPoint","urlTemplate":"https:\/\/letourane.fr\/?s={search_term_string}"},"query-input":"required name=search_term_string"}],"inLanguage":"fr-FR"},{"@type":"WebPage","@id":"https:\/\/letourane.fr\/index.php\/acces\/#webpage","url":"https:\/\/letourane.fr\/index.php\/acces\/","name":"Contact - Le Tourane","isPartOf":{"@id":"https:\/\/letourane.fr\/#website"},"datePublished":"2019-06-14T19:20:33+00:00","dateModified":"2022-11-23T13:16:59+00:00","breadcrumb":{"@id":"https:\/\/letourane.fr\/index.php\/acces\/#breadcrumb"},"inLanguage":"fr-FR","potentialAction":[{"@type":"ReadAction","target":["https:\/\/letourane.fr\/index.php\/acces\/"]}]},{"@type":"BreadcrumbList","@id":"https:\/\/letourane.fr\/index.php\/acces\/#breadcrumb","itemListElement":[{"@type":"ListItem","position":1,"name":"Accueil","item":"https:\/\/letourane.fr\/"},{"@type":"ListItem","position":2,"name":"Contact"}]}]}},"_links":{"self":[{"href":"https:\/\/letourane.fr\/index.php\/wp-json\/wp\/v2\/pages\/12"}],"collection":[{"href":"https:\/\/letourane.fr\/index.php\/wp-json\/wp\/v2\/pages"}],"about":[{"href":"https:\/\/letourane.fr\/index.php\/wp-json\/wp\/v2\/types\/page"}],"author":[{"embeddable":true,"href":"https:\/\/letourane.fr\/index.php\/wp-json\/wp\/v2\/users\/1"}],"replies":[{"embeddable":true,"href":"https:\/\/letourane.fr\/index.php\/wp-json\/wp\/v2\/comments?post=12"}],"version-history":[{"count":16,"href":"https:\/\/letourane.fr\/index.php\/wp-json\/wp\/v2\/pages\/12\/revisions"}],"predecessor-version":[{"id":1895,"href":"https:\/\/letourane.fr\/index.php\/wp-json\/wp\/v2\/pages\/12\/revisions\/1895"}],"wp:attachment":[{"href":"https:\/\/letourane.fr\/index.php\/wp-json\/wp\/v2\/media?parent=12"}],"curies":[{"name":"wp","href":"https:\/\/api.w.org\/{rel}","templated":true}]}}